{"id":49970,"date":"2021-07-22T18:59:10","date_gmt":"2021-07-22T16:59:10","guid":{"rendered":"https:\/\/faberplast.de\/?page_id=49970"},"modified":"2025-09-11T12:45:23","modified_gmt":"2025-09-11T10:45:23","slug":"karriere","status":"publish","type":"page","link":"https:\/\/faberplast.de\/en\/karriere\/","title":{"rendered":"Career"},"content":{"rendered":"<p>[et_pb_section fb_built=&#8220;1&#8243; _builder_version=&#8220;4.16&#8243; use_background_color_gradient=&#8220;on&#8220; background_color_gradient_direction=&#8220;130deg&#8220; background_color_gradient_stops=&#8220;rgba(237,237,237,0.3) 50%|rgba(56,56,56,0.7) 50%&#8220; background_color_gradient_overlays_image=&#8220;on&#8220; background_color_gradient_start=&#8220;rgba(237,237,237,0.3)&#8220; background_color_gradient_start_position=&#8220;50%&#8220; background_color_gradient_end=&#8220;rgba(56,56,56,0.7)&#8220; background_color_gradient_end_position=&#8220;0%&#8220; background_image=&#8220;https:\/\/faberplast.de\/wp-content\/uploads\/2021\/07\/Eingangsbereich.jpg&#8220; custom_padding=&#8220;120px|0px|120px|0px|true|false&#8220; locked=&#8220;off&#8220; global_colors_info=&#8220;{}&#8220;][et_pb_row column_structure=&#8220;3_4,1_4&#8243; _builder_version=&#8220;4.16&#8243; global_colors_info=&#8220;{}&#8220;][et_pb_column type=&#8220;3_4&#8243; _builder_version=&#8220;4.16&#8243; custom_padding=&#8220;|||&#8220; global_colors_info=&#8220;{}&#8220; custom_padding__hover=&#8220;|||&#8220;][et_pb_text _builder_version=&#8220;4.16&#8243; text_font=&#8220;|300|||||||&#8220; text_text_color=&#8220;#000000&#8243; text_font_size=&#8220;20px&#8220; header_font=&#8220;Poppins|700|||||||&#8220; header_text_color=&#8220;#000000&#8243; header_font_size=&#8220;40px&#8220; header_line_height=&#8220;1.4em&#8220; background_color=&#8220;#ededed&#8220; custom_padding=&#8220;40px|40px|40px|40px|true|false&#8220; text_font_size_tablet=&#8220;&#8220; text_font_size_phone=&#8220;19px&#8220; text_font_size_last_edited=&#8220;on|phone&#8220; header_font_size_tablet=&#8220;&#8220; header_font_size_phone=&#8220;25px&#8220; header_font_size_last_edited=&#8220;on|phone&#8220; box_shadow_style=&#8220;preset1&#8243; global_colors_info=&#8220;{}&#8220;]<\/p>\n<h1>Karriere<\/h1>\n<p>[\/et_pb_text][\/et_pb_column][et_pb_column type=&#8220;1_4&#8243; _builder_version=&#8220;4.16&#8243; custom_padding=&#8220;|||&#8220; global_colors_info=&#8220;{}&#8220; custom_padding__hover=&#8220;|||&#8220;][\/et_pb_column][\/et_pb_row][\/et_pb_section][et_pb_section fb_built=&#8220;1&#8243; _builder_version=&#8220;4.16&#8243; custom_padding=&#8220;80px|0px|80px|0px|true|false&#8220; global_colors_info=&#8220;{}&#8220;][et_pb_row _builder_version=&#8220;4.16&#8243; custom_padding=&#8220;27px|0px|24px|0px|false|false&#8220; locked=&#8220;off&#8220; global_colors_info=&#8220;{}&#8220;][et_pb_column type=&#8220;4_4&#8243; _builder_version=&#8220;4.16&#8243; custom_padding=&#8220;|||&#8220; global_colors_info=&#8220;{}&#8220; custom_padding__hover=&#8220;|||&#8220;][et_pb_text _builder_version=&#8220;4.16&#8243; text_font=&#8220;||||||||&#8220; header_font=&#8220;|700||on|||||&#8220; header_text_color=&#8220;#000000&#8243; header_line_height=&#8220;1.2em&#8220; header_2_font=&#8220;|700||on|||||&#8220; header_2_text_align=&#8220;center&#8220; header_2_font_size=&#8220;55px&#8220; custom_margin=&#8220;||-4px|||&#8220; custom_padding=&#8220;|||5px|false|false&#8220; header_font_size_tablet=&#8220;&#8220; header_font_size_phone=&#8220;25px&#8220; header_font_size_last_edited=&#8220;on|phone&#8220; border_color_all=&#8220;#ad007c&#8220; global_colors_info=&#8220;{}&#8220;]<\/p>\n<h2>Arbeiten bei Faberplast<\/h2>\n<p>[\/et_pb_text][et_pb_divider color=&#8220;#ad007c&#8220; divider_weight=&#8220;6px&#8220; _builder_version=&#8220;4.16&#8243; _module_preset=&#8220;default&#8220; width=&#8220;150px&#8220; module_alignment=&#8220;center&#8220; locked=&#8220;off&#8220; global_colors_info=&#8220;{}&#8220;][\/et_pb_divider][\/et_pb_column][\/et_pb_row][\/et_pb_section][et_pb_section fb_built=&#8220;1&#8243; specialty=&#8220;on&#8220; custom_padding_last_edited=&#8220;on|desktop&#8220; background_color_2=&#8220;#ededed&#8220; padding_left_2=&#8220;40px&#8220; _builder_version=&#8220;4.16&#8243; use_background_color_gradient=&#8220;on&#8220; background_color_gradient_direction=&#8220;90deg&#8220; background_color_gradient_stops=&#8220;rgba(56,56,56,0) 50%|#ededed 50%&#8220; background_color_gradient_overlays_image=&#8220;on&#8220; background_color_gradient_start=&#8220;rgba(56,56,56,0)&#8220; background_color_gradient_start_position=&#8220;50%&#8220; background_color_gradient_end=&#8220;#ededed&#8220; background_color_gradient_end_position=&#8220;0%&#8220; background_image=&#8220;https:\/\/faberplast.de\/wp-content\/uploads\/2021\/11\/thisisengineering-raeng-bIltCMXIwRE-unsplash-scaled.jpg&#8220; background_size=&#8220;contain&#8220; background_position=&#8220;center_left&#8220; custom_padding=&#8220;110px|0px|110px|0px|true|false&#8220; custom_padding_tablet=&#8220;&#8220; custom_padding_phone=&#8220;0px||0px||true&#8220; global_colors_info=&#8220;{}&#8220;][et_pb_column type=&#8220;1_2&#8243; _builder_version=&#8220;4.16&#8243; custom_padding=&#8220;|||&#8220; global_colors_info=&#8220;{}&#8220; parallax__hover=&#8220;off&#8220; parallax_method__hover=&#8220;on&#8220; custom_padding__hover=&#8220;|||&#8220;][et_pb_image _builder_version=&#8220;4.16&#8243; _module_preset=&#8220;default&#8220; global_colors_info=&#8220;{}&#8220;][\/et_pb_image][\/et_pb_column][et_pb_column type=&#8220;1_2&#8243; specialty_columns=&#8220;2&#8243; _builder_version=&#8220;4.16&#8243; custom_padding=&#8220;|||&#8220; global_colors_info=&#8220;{}&#8220; parallax__hover=&#8220;off&#8220; parallax_method__hover=&#8220;on&#8220; custom_padding__hover=&#8220;|||&#8220;][et_pb_row_inner custom_padding_last_edited=&#8220;on|desktop&#8220; _builder_version=&#8220;4.16&#8243; custom_padding=&#8220;|||38px&#8220; custom_padding_tablet=&#8220;90px||&#8220; custom_padding_phone=&#8220;60px||&#8220; global_colors_info=&#8220;{}&#8220;][et_pb_column_inner saved_specialty_column_type=&#8220;1_2&#8243; _builder_version=&#8220;4.16&#8243; custom_padding=&#8220;|||&#8220; global_colors_info=&#8220;{}&#8220; parallax__hover=&#8220;off&#8220; parallax_method__hover=&#8220;on&#8220; custom_padding__hover=&#8220;|||&#8220;][et_pb_text _builder_version=&#8220;4.16&#8243; text_font=&#8220;||||||||&#8220; header_font=&#8220;|700||on|||||&#8220; header_text_color=&#8220;#000000&#8243; header_line_height=&#8220;1.2em&#8220; header_2_font=&#8220;|700||on|||||&#8220; header_2_font_size=&#8220;55px&#8220; custom_margin=&#8220;||20px||false|false&#8220; custom_padding=&#8220;|||5px|false|false&#8220; header_font_size_tablet=&#8220;&#8220; header_font_size_phone=&#8220;25px&#8220; header_font_size_last_edited=&#8220;on|phone&#8220; border_color_all=&#8220;#ad007c&#8220; border_width_left=&#8220;6px&#8220; global_colors_info=&#8220;{}&#8220;]<\/p>\n<h2>Werde Teil des Faberplast Teams<\/h2>\n<p>[\/et_pb_text][et_pb_text _builder_version=&#8220;4.16&#8243; text_font=&#8220;|300|||||||&#8220; text_text_color=&#8220;#000000&#8243; max_width_tablet=&#8220;80%&#8220; max_width_phone=&#8220;80%&#8220; max_width_last_edited=&#8220;off|desktop&#8220; module_alignment=&#8220;center&#8220; custom_margin=&#8220;||||false|false&#8220; custom_padding=&#8220;0px||&#8220; global_colors_info=&#8220;{}&#8220;]<\/p>\n<p>Als verantwortungsbewusster Industriebetrieb bieten wir unseren ausgew\u00e4hlten Bewerbern ein Praktikum hier in unserer Niederlassung in Wei\u00dfenburg\/Bayern. Falls Weiterbildungsbedarf entstehen sollte, z\u00f6gern wir nicht f\u00fcr die Weiterbildung finanziell aufzukommen. Im Falle eines m\u00fchsamen Arbeitswegs, k\u00f6nnen wir g\u00fcnstig Betriebswohnungen zur Verf\u00fcgung stellen. Au\u00dferdem bieten wir auf Wunsch auch eine Umschulung in verk\u00fcrzter oder vollst\u00e4ndiger Form an.<\/p>\n<p>[\/et_pb_text][\/et_pb_column_inner][\/et_pb_row_inner][et_pb_row_inner custom_padding_last_edited=&#8220;on|desktop&#8220; _builder_version=&#8220;4.16&#8243; custom_padding=&#8220;||0px|38px&#8220; custom_padding_tablet=&#8220;||44px&#8220; custom_padding_phone=&#8220;||60px&#8220; global_colors_info=&#8220;{}&#8220;][et_pb_column_inner saved_specialty_column_type=&#8220;1_2&#8243; _builder_version=&#8220;4.16&#8243; custom_padding=&#8220;|||&#8220; global_colors_info=&#8220;{}&#8220; parallax__hover=&#8220;off&#8220; parallax_method__hover=&#8220;on&#8220; custom_padding__hover=&#8220;|||&#8220;][et_pb_number_counter title=&#8220;Offene Stellen&#8220; number=&#8220;2&#8243; percent_sign=&#8220;off&#8220; _builder_version=&#8220;4.18.0&#8243; title_font=&#8220;|600|||||||&#8220; title_text_align=&#8220;center&#8220; title_text_color=&#8220;#000000&#8243; title_font_size=&#8220;22px&#8220; title_line_height=&#8220;1.8em&#8220; number_font=&#8220;|700|||||||&#8220; number_text_align=&#8220;center&#8220; number_text_color=&#8220;#000000&#8243; global_colors_info=&#8220;{}&#8220;][\/et_pb_number_counter][\/et_pb_column_inner][\/et_pb_row_inner][\/et_pb_column][\/et_pb_section][et_pb_section fb_built=&#8220;1&#8243; _builder_version=&#8220;4.16&#8243; background_color=&#8220;#ffffff&#8220; custom_padding=&#8220;80px||80px||true|false&#8220; animation_style=&#8220;fade&#8220; global_colors_info=&#8220;{}&#8220;][et_pb_row column_structure=&#8220;1_3,1_3,1_3&#8243; use_custom_gutter=&#8220;on&#8220; gutter_width=&#8220;2&#8243; _builder_version=&#8220;4.16&#8243; global_colors_info=&#8220;{}&#8220;][et_pb_column type=&#8220;1_3&#8243; _builder_version=&#8220;4.18.0&#8243; _module_preset=&#8220;default&#8220; global_colors_info=&#8220;{}&#8220;][et_pb_image src=&#8220;https:\/\/faberplast.de\/wp-content\/uploads\/2021\/11\/thisisengineering-raeng-ZPeXrWxOjRQ-unsplash-1.jpg&#8220; title_text=&#8220;thisisengineering-raeng-ZPeXrWxOjRQ-unsplash&#8220; _builder_version=&#8220;4.16&#8243; _module_preset=&#8220;default&#8220; custom_margin=&#8220;||0px||false|false&#8220; global_colors_info=&#8220;{}&#8220;][\/et_pb_image][et_pb_toggle title=&#8220;Ausbildung \u2013 Verfahrensmechaniker f\u00fcr Kunststoff- und Kautschuktechnik (m\/w\/d)&#8220; icon_color=&#8220;RGBA(0,0,0,0)&#8220; open_icon_color=&#8220;RGBA(0,0,0,0)&#8220; _builder_version=&#8220;4.18.0&#8243; _module_preset=&#8220;default&#8220; title_line_height=&#8220;1.2em&#8220; global_colors_info=&#8220;{}&#8220;][\/et_pb_toggle][\/et_pb_column][et_pb_column type=&#8220;1_3&#8243; _builder_version=&#8220;4.18.0&#8243; _module_preset=&#8220;default&#8220; global_colors_info=&#8220;{}&#8220;][et_pb_image src=&#8220;https:\/\/faberplast.de\/wp-content\/uploads\/2021\/11\/thisisengineering-raeng-bIltCMXIwRE-unsplash-scaled.jpg&#8220; title_text=&#8220;thisisengineering-raeng-bIltCMXIwRE-unsplash&#8220; disabled_on=&#8220;off|off|off&#8220; _builder_version=&#8220;4.18.0&#8243; _module_preset=&#8220;default&#8220; custom_margin=&#8220;||0px||false|false&#8220; global_colors_info=&#8220;{}&#8220;][\/et_pb_image][et_pb_toggle title=&#8220;Werkzeugmechaniker (m\/w\/d) in Teilzeit, oder auf 450\u20ac-Basis&#8220; icon_color=&#8220;RGBA(0,0,0,0)&#8220; open_icon_color=&#8220;RGBA(0,0,0,0)&#8220; disabled_on=&#8220;off|off|off&#8220; _builder_version=&#8220;4.18.0&#8243; _module_preset=&#8220;default&#8220; global_colors_info=&#8220;{}&#8220;][\/et_pb_toggle][\/et_pb_column][et_pb_column type=&#8220;1_3&#8243; _builder_version=&#8220;4.18.0&#8243; _module_preset=&#8220;default&#8220; global_colors_info=&#8220;{}&#8220;][et_pb_image src=&#8220;https:\/\/faberplast.de\/wp-content\/uploads\/2021\/11\/thisisengineering-raeng-hOCYuLmTTnY-unsplash-1.jpg&#8220; title_text=&#8220;thisisengineering-raeng-hOCYuLmTTnY-unsplash&#8220; disabled_on=&#8220;on|on|on&#8220; _builder_version=&#8220;4.18.0&#8243; _module_preset=&#8220;default&#8220; custom_margin=&#8220;||0px||false|false&#8220; disabled=&#8220;on&#8220; global_colors_info=&#8220;{}&#8220;][\/et_pb_image][et_pb_toggle title=&#8220;Kaufm\u00e4nnischer Sachbearbeiter (m\/w\/d) in Teilzeit&#8220; icon_color=&#8220;RGBA(0,0,0,0)&#8220; open_icon_color=&#8220;RGBA(0,0,0,0)&#8220; disabled_on=&#8220;on|on|on&#8220; _builder_version=&#8220;4.18.0&#8243; _module_preset=&#8220;default&#8220; disabled=&#8220;on&#8220; global_colors_info=&#8220;{}&#8220;][\/et_pb_toggle][\/et_pb_column][\/et_pb_row][et_pb_row column_structure=&#8220;1_3,1_3,1_3&#8243; use_custom_gutter=&#8220;on&#8220; gutter_width=&#8220;2&#8243; disabled_on=&#8220;on|on|on&#8220; _builder_version=&#8220;4.18.0&#8243; disabled=&#8220;on&#8220; global_colors_info=&#8220;{}&#8220;][et_pb_column type=&#8220;1_3&#8243; _builder_version=&#8220;4.16&#8243; custom_padding=&#8220;|||&#8220; global_colors_info=&#8220;{}&#8220; custom_padding__hover=&#8220;|||&#8220;][et_pb_image src=&#8220;https:\/\/faberplast.de\/wp-content\/uploads\/2021\/11\/thisisengineering-raeng-hOCYuLmTTnY-unsplash-1.jpg&#8220; title_text=&#8220;thisisengineering-raeng-hOCYuLmTTnY-unsplash&#8220; _builder_version=&#8220;4.16&#8243; _module_preset=&#8220;default&#8220; custom_margin=&#8220;||0px||false|false&#8220; global_colors_info=&#8220;{}&#8220;][\/et_pb_image][et_pb_toggle title=&#8220;Projektleiter&#8220; icon_color=&#8220;RGBA(0,0,0,0)&#8220; open_icon_color=&#8220;RGBA(0,0,0,0)&#8220; _builder_version=&#8220;4.16&#8243; _module_preset=&#8220;default&#8220; global_colors_info=&#8220;{}&#8220;][\/et_pb_toggle][\/et_pb_column][et_pb_column type=&#8220;1_3&#8243; _builder_version=&#8220;4.16&#8243; custom_padding=&#8220;|||&#8220; global_colors_info=&#8220;{}&#8220; custom_padding__hover=&#8220;|||&#8220;][et_pb_image src=&#8220;https:\/\/faberplast.de\/wp-content\/uploads\/2021\/11\/thisisengineering-raeng-ZPeXrWxOjRQ-unsplash-1.jpg&#8220; title_text=&#8220;thisisengineering-raeng-ZPeXrWxOjRQ-unsplash&#8220; _builder_version=&#8220;4.16&#8243; _module_preset=&#8220;default&#8220; custom_margin=&#8220;||0px||false|false&#8220; global_colors_info=&#8220;{}&#8220;][\/et_pb_image][et_pb_toggle title=&#8220;Ausbildung \u2013 Verfahrensmechaniker f\u00fcr Kunststoff- und Kautschuktechnik&#8220; icon_color=&#8220;RGBA(0,0,0,0)&#8220; open_icon_color=&#8220;RGBA(0,0,0,0)&#8220; _builder_version=&#8220;4.16&#8243; _module_preset=&#8220;default&#8220; title_line_height=&#8220;1.2em&#8220; global_colors_info=&#8220;{}&#8220;][\/et_pb_toggle][\/et_pb_column][et_pb_column type=&#8220;1_3&#8243; _builder_version=&#8220;4.16&#8243; custom_padding=&#8220;|||&#8220; global_colors_info=&#8220;{}&#8220; custom_padding__hover=&#8220;|||&#8220;][et_pb_image src=&#8220;https:\/\/faberplast.de\/wp-content\/uploads\/2021\/07\/Faberplast_Lieferfahrzeug.jpg&#8220; title_text=&#8220;Faberplast_Lieferfahrzeug&#8220; disabled_on=&#8220;on|on|on&#8220; _builder_version=&#8220;4.18.0&#8243; _module_preset=&#8220;default&#8220; custom_margin=&#8220;||0px||false|false&#8220; disabled=&#8220;on&#8220; global_colors_info=&#8220;{}&#8220;][\/et_pb_image][et_pb_toggle title=&#8220;Logistik&#8220; icon_color=&#8220;RGBA(0,0,0,0)&#8220; open_icon_color=&#8220;RGBA(0,0,0,0)&#8220; disabled_on=&#8220;on|on|on&#8220; _builder_version=&#8220;4.18.0&#8243; _module_preset=&#8220;default&#8220; disabled=&#8220;on&#8220; global_colors_info=&#8220;{}&#8220;][\/et_pb_toggle][\/et_pb_column][\/et_pb_row][et_pb_row _builder_version=&#8220;4.16&#8243; custom_padding=&#8220;|0px||0px|false|false&#8220; global_colors_info=&#8220;{}&#8220;][et_pb_column type=&#8220;4_4&#8243; _builder_version=&#8220;4.16&#8243; custom_padding=&#8220;|||&#8220; global_colors_info=&#8220;{}&#8220; custom_padding__hover=&#8220;|||&#8220;][et_pb_text _builder_version=&#8220;4.16&#8243; text_font=&#8220;||||||||&#8220; header_font=&#8220;|700||on|||||&#8220; header_text_color=&#8220;#000000&#8243; header_line_height=&#8220;1.2em&#8220; header_2_font=&#8220;|700||on|||||&#8220; header_2_text_align=&#8220;center&#8220; header_2_font_size=&#8220;55px&#8220; custom_margin=&#8220;||0px|||&#8220; custom_padding=&#8220;|||5px|false|false&#8220; header_font_size_tablet=&#8220;&#8220; header_font_size_phone=&#8220;25px&#8220; header_font_size_last_edited=&#8220;on|phone&#8220; border_color_all=&#8220;#ad007c&#8220; locked=&#8220;off&#8220; global_colors_info=&#8220;{}&#8220;]<\/p>\n<h2>Jetzt bewerben<\/h2>\n<p>[\/et_pb_text][et_pb_button button_url=&#8220;mailto:info@faberplast.de&#8220; url_new_window=&#8220;on&#8220; button_text=&#8220;Bewerbung abgeben&#8220; _builder_version=&#8220;4.18.0&#8243; custom_margin=&#8220;||&#8220; custom_padding=&#8220;17px|30px|17px|30px|true|true&#8220; global_colors_info=&#8220;{}&#8220;][\/et_pb_button][\/et_pb_column][\/et_pb_row][\/et_pb_section]<\/p>\n","protected":false},"excerpt":{"rendered":"<p>KarriereArbeiten bei FaberplastWerde Teil des Faberplast TeamsAls verantwortungsbewusster Industriebetrieb bieten wir unseren ausgew\u00e4hlten Bewerbern ein Praktikum hier in unserer Niederlassung in Wei\u00dfenburg\/Bayern. Falls Weiterbildungsbedarf entstehen sollte, z\u00f6gern wir nicht f\u00fcr die Weiterbildung finanziell aufzukommen. Im Falle eines m\u00fchsamen Arbeitswegs, k\u00f6nnen wir g\u00fcnstig Betriebswohnungen zur Verf\u00fcgung stellen. Au\u00dferdem bieten wir auf Wunsch auch eine Umschulung in [&hellip;]<\/p>\n","protected":false},"author":2,"featured_media":0,"parent":0,"menu_order":0,"comment_status":"closed","ping_status":"closed","template":"","meta":{"_et_pb_use_builder":"on","_et_pb_old_content":"<!-- wp:divi\/placeholder \/-->","_et_gb_content_width":"","footnotes":""},"class_list":["post-49970","page","type-page","status-publish","hentry"],"_links":{"self":[{"href":"https:\/\/faberplast.de\/en\/wp-json\/wp\/v2\/pages\/49970","targetHints":{"allow":["GET"]}}],"collection":[{"href":"https:\/\/faberplast.de\/en\/wp-json\/wp\/v2\/pages"}],"about":[{"href":"https:\/\/faberplast.de\/en\/wp-json\/wp\/v2\/types\/page"}],"author":[{"embeddable":true,"href":"https:\/\/faberplast.de\/en\/wp-json\/wp\/v2\/users\/2"}],"replies":[{"embeddable":true,"href":"https:\/\/faberplast.de\/en\/wp-json\/wp\/v2\/comments?post=49970"}],"version-history":[{"count":51,"href":"https:\/\/faberplast.de\/en\/wp-json\/wp\/v2\/pages\/49970\/revisions"}],"predecessor-version":[{"id":50506,"href":"https:\/\/faberplast.de\/en\/wp-json\/wp\/v2\/pages\/49970\/revisions\/50506"}],"wp:attachment":[{"href":"https:\/\/faberplast.de\/en\/wp-json\/wp\/v2\/media?parent=49970"}],"curies":[{"name":"wp","href":"https:\/\/api.w.org\/{rel}","templated":true}]}}